{"id":380,"date":"2026-01-19T08:22:51","date_gmt":"2026-01-19T07:22:51","guid":{"rendered":"https:\/\/impact-map-tubs.de\/?page_id=380"},"modified":"2026-01-21T18:10:36","modified_gmt":"2026-01-21T17:10:36","slug":"submit-project","status":"publish","type":"page","link":"https:\/\/impact-map-tubs.de\/en\/projekt-einreichen\/","title":{"rendered":"Submit project"},"content":{"rendered":"<div class=\"fusion-fullwidth fullwidth-box fusion-builder-row-1 fusion-flex-container nonhundred-percent-fullwidth non-hundred-percent-height-scrolling\" style=\"--awb-border-radius-top-left:0px;--awb-border-radius-top-right:0px;--awb-border-radius-bottom-right:0px;--awb-border-radius-bottom-left:0px;--awb-padding-bottom:60px;--awb-flex-wrap:wrap;\" ><div class=\"fusion-builder-row fusion-row fusion-flex-align-items-flex-start fusion-flex-content-wrap\" style=\"max-width:1456px;margin-left: calc(-4% \/ 2 );margin-right: calc(-4% \/ 2 );\"><div class=\"fusion-layout-column fusion_builder_column fusion-builder-column-0 fusion_builder_column_1_1 1_1 fusion-flex-column\" style=\"--awb-padding-top:35px;--awb-padding-right:35px;--awb-padding-bottom:35px;--awb-padding-left:35px;--awb-overflow:hidden;--awb-bg-color:var(--awb-color2);--awb-bg-color-hover:var(--awb-color2);--awb-bg-blend:overlay;--awb-bg-size:cover;--awb-border-radius:10px 10px 10px 10px;--awb-width-large:100%;--awb-margin-top-large:0px;--awb-spacing-right-large:1.92%;--awb-margin-bottom-large:0px;--awb-spacing-left-large:1.92%;--awb-width-medium:100%;--awb-spacing-right-medium:1.92%;--awb-spacing-left-medium:1.92%;--awb-width-small:100%;--awb-spacing-right-small:1.92%;--awb-spacing-left-small:1.92%;\"><div class=\"fusion-column-wrapper fusion-flex-justify-content-flex-start fusion-content-layout-column\"><div class=\"fusion-text fusion-text-1\"><div class='fluentform ff-default fluentform_wrapper_3 ffs_default_wrap'><form data-form_id=\"3\" id=\"fluentform_3\" class=\"frm-fluent-form fluent_form_3 ff-el-form-top ff_form_instance_3_1 ff-form-loading ffs_default\" data-form_instance=\"ff_form_instance_3_1\" method=\"POST\" ><fieldset  style=\"border: none!important;margin: 0!important;padding: 0!important;background-color: transparent!important;box-shadow: none!important;outline: none!important; min-inline-size: 100%;\">\n                    <legend class=\"ff_screen_reader_title\" style=\"display: block; margin: 0!important;padding: 0!important;height: 0!important;text-indent: -999999px;width: 0!important;overflow:hidden;\">Impact Projekt einreichen<\/legend><input type='hidden' name='__fluent_form_embded_post_id' value='380' \/><input type=\"hidden\" id=\"_fluentform_3_fluentformnonce\" name=\"_fluentform_3_fluentformnonce\" value=\"6461a18ec5\" \/><input type=\"hidden\" name=\"_wp_http_referer\" value=\"\/en\/wp-json\/wp\/v2\/pages\/380\" \/><div class='ff-el-group  ff-custom_html' tabindex='-1' data-name=\"custom_html-3_1\" ><p><strong>Angaben zur einreichenden Person<\/strong><\/p><\/div><div data-type=\"name-element\" data-name=\"names\" class=\" ff-field_container ff-name-field-wrapper\" ><div class='ff-t-container'><div class='ff-t-cell '><div class='ff-el-group ff-el-form-top'><div class=\"ff-el-input--label ff-el-is-required asterisk-right\"><label for='ff_3_names_first_name_' id='label_ff_3_names_first_name_' >Vorname<\/label><\/div><div class='ff-el-input--content'><input type=\"text\" name=\"names[first_name]\" id=\"ff_3_names_first_name_\" class=\"ff-el-form-control\" placeholder=\"Vorname\" aria-invalid=\"false\" aria-required=true><\/div><\/div><\/div><div class='ff-t-cell '><div class='ff-el-group ff-el-form-top'><div class=\"ff-el-input--label ff-el-is-required asterisk-right\"><label for='ff_3_names_last_name_' id='label_ff_3_names_last_name_' >Nachname<\/label><\/div><div class='ff-el-input--content'><input type=\"text\" name=\"names[last_name]\" id=\"ff_3_names_last_name_\" class=\"ff-el-form-control\" placeholder=\"Nachname\" aria-invalid=\"false\" aria-required=true><\/div><\/div><\/div><\/div><\/div><div class='ff-el-group'><div class=\"ff-el-input--label ff-el-is-required asterisk-right\"><label for='ff_3_email' id='label_ff_3_email' aria-label=\"E-Mail\">E-Mail<\/label><\/div><div class='ff-el-input--content'><input type=\"email\" name=\"email\" id=\"ff_3_email\" class=\"ff-el-form-control\" placeholder=\"beispiel@tu-braunschweig.de\" data-name=\"email\"  aria-invalid=\"false\" aria-required=true><\/div><\/div><div class='ff-el-group  ff-custom_html' tabindex='-1' data-name=\"custom_html-3_2\" ><p>&nbsp;<\/p>\n<p><strong>Kontaktperson des Projekts (wird ver\u00f6ffentlicht)<\/strong><\/p><\/div><div data-type=\"name-element\" data-name=\"names_1\" class=\" ff-field_container ff-name-field-wrapper\" ><div class='ff-t-container'><div class='ff-t-cell '><div class='ff-el-group ff-el-form-top'><div class=\"ff-el-input--label asterisk-right\"><label for='ff_3_names_1_first_name_' id='label_ff_3_names_1_first_name_' >Name<\/label><\/div><div class='ff-el-input--content'><input type=\"text\" name=\"names_1[first_name]\" id=\"ff_3_names_1_first_name_\" class=\"ff-el-form-control\" placeholder=\"Dr. Maxime Muster\" aria-invalid=\"false\" aria-required=false><\/div><\/div><\/div><div class='ff-t-cell '><div class='ff-el-group ff-el-form-top'><div class=\"ff-el-input--label asterisk-right\"><label for='ff_3_names_1_middle_name_' id='label_ff_3_names_1_middle_name_' >Einrichtung<\/label><\/div><div class='ff-el-input--content'><input type=\"text\" name=\"names_1[middle_name]\" id=\"ff_3_names_1_middle_name_\" class=\"ff-el-form-control\" placeholder=\"Institut f\u00fcr Impact Learning\" aria-invalid=\"false\" aria-required=false><\/div><\/div><\/div><\/div><\/div><div class='ff-el-group'><div class=\"ff-el-input--label asterisk-right\"><label for='ff_3_url' id='label_ff_3_url' aria-label=\"URL (Link)\">URL (Link)<\/label><\/div><div class='ff-el-input--content'><input type=\"url\" name=\"url\" class=\"ff-el-form-control\" placeholder=\"www.tu-braunschweig.de\/institut\" data-name=\"url\" id=\"ff_3_url\"  aria-invalid=\"false\" aria-required=false><\/div><\/div><div class='ff-el-group  ff-custom_html' tabindex='-1' data-name=\"custom_html-3_3\" ><p>&nbsp;<\/p>\n<p><strong>Angaben zum Projekt<\/strong><\/p><\/div><div class='ff-el-group'><div class=\"ff-el-input--label ff-el-is-required asterisk-right\"><label for='ff_3_post_title' id='label_ff_3_post_title' aria-label=\"Titel\">Titel<\/label><\/div><div class='ff-el-input--content'><input name=\"post_title\" class=\"ff-el-form-control\" type=\"text\" data-name=\"post_title\" id=\"ff_3_post_title\" ><\/div><\/div><div class='ff-el-group'><div class=\"ff-el-input--label ff-el-is-required asterisk-right\"><label for='ff_3_post_content' id='label_ff_3_post_content' aria-label=\"Beschreibung\">Beschreibung<\/label><\/div><div class='ff-el-input--content'><textarea name=\"post_content\" id=\"ff_3_post_content\" class=\"ff-el-form-control fluentform-post-content\" placeholder=\"Im Projekt &quot;XY&quot; wurde...\" rows=\"5\" cols=\"2\" data-name=\"post_content\" ><\/textarea><\/div><\/div><div class='ff-el-group'><div class=\"ff-el-input--label ff-el-is-required asterisk-right\"><label for='ff_3_choice_fakultat' id='label_ff_3_choice_fakultat' aria-label=\"Projektform\">Projektform<\/label><\/div><div class='ff-el-input--content'><select name=\"choice_fakultat\" id=\"ff_3_choice_fakultat\" class=\"ff-el-form-control\" data-name=\"choice_fakultat\" data-calc_value=\"0\"  aria-invalid=\"false\" aria-required=\"true\" aria-labelledby=\"label_ff_3_choice_fakultat\"><option value=\"\">- Ausw\u00e4hlen -<\/option><option value=\"Studentisches Impact-Projekt\"  >Studentisches Impact-Projekt<\/option><option value=\"Impact-Lehrveranstaltung\"  >Impact-Lehrveranstaltung<\/option><option value=\"PhD Impact-Projekt\"  >PhD Impact-Projekt<\/option><option value=\"Schule-Uni-Projekt\"  >Schule-Uni-Projekt<\/option><option value=\"Anderes\"  >Anderes<\/option><\/select><\/div><\/div><div class='ff-el-group has-conditions'><div class=\"ff-el-input--label ff-el-is-required asterisk-right\"><label for='ff_3_post_lecturer' id='label_ff_3_post_lecturer' aria-label=\"Name der Lehrperson(en)\">Name der Lehrperson(en)<\/label><\/div><div class='ff-el-input--content'><input name=\"post_lecturer\" class=\"ff-el-form-control\" type=\"text\" placeholder=\"Prof. Dr. Beispiel\" data-name=\"post_lecturer\" id=\"ff_3_post_lecturer\" ><\/div><\/div><div class='ff-el-group has-conditions'><div class=\"ff-el-input--label ff-el-is-required asterisk-right\"><label for='ff_3_post_course_title' id='label_ff_3_post_course_title' aria-label=\"Titel der Lehrveranstaltung\">Titel der Lehrveranstaltung<\/label><\/div><div class='ff-el-input--content'><input name=\"post_course_title\" class=\"ff-el-form-control\" type=\"text\" placeholder=\"Seminar &quot;Impact Learning 2&quot;\" data-name=\"post_course_title\" id=\"ff_3_post_course_title\" ><\/div><\/div><div class='ff-el-group has-conditions'><div class=\"ff-el-input--label ff-el-is-required asterisk-right\"><label for='ff_3_post_student_names' id='label_ff_3_post_student_names' >Studierende im Projektteam<\/label><\/div><div class='ff-el-input--content'><input name=\"post_student_names\" class=\"ff-el-form-control\" type=\"text\" placeholder=\"Name, Name, Name...\" data-name=\"post_student_names\" id=\"ff_3_post_student_names\" ><\/div><\/div><div class='ff-el-group has-conditions'><div class=\"ff-el-input--label ff-el-is-required asterisk-right\"><label for='ff_3_choice_semester' id='label_ff_3_choice_semester' aria-label=\"Semester\">Semester<\/label><\/div><div class='ff-el-input--content'><select name=\"choice_semester\" id=\"ff_3_choice_semester\" class=\"ff-el-form-control\" data-name=\"choice_semester\" data-calc_value=\"0\"  aria-invalid=\"false\" aria-required=\"true\" aria-labelledby=\"label_ff_3_choice_semester\"><option value=\"\">- Ausw\u00e4hlen -<\/option><option value=\"2024\/25\"  >2024\/25<\/option><option value=\"2025\"  >2025<\/option><option value=\"2025\/26\"  >2025\/26<\/option><option value=\"2026\"  >2026<\/option><option value=\"2026\/27\"  >2026\/27<\/option><\/select><\/div><\/div><div class='ff-el-group'><div class=\"ff-el-input--label ff-el-is-required asterisk-right\"><label for='ff_3_text_intput_studiengang' id='label_ff_3_text_intput_studiengang' aria-label=\"Fachrichtung\">Fachrichtung<\/label><\/div><div class='ff-el-input--content'><input type=\"text\" name=\"text_intput_studiengang\" class=\"ff-el-form-control\" placeholder=\"Architektur\" data-name=\"text_intput_studiengang\" id=\"ff_3_text_intput_studiengang\"  aria-invalid=\"false\" aria-required=true><\/div><\/div><div class='ff-el-group'><div class=\"ff-el-input--label ff-el-is-required asterisk-right\"><label for='ff_3_projekt_kategorie' id='label_ff_3_projekt_kategorie' aria-label=\"Fakult\u00e4t\">Fakult\u00e4t<\/label><\/div><div class='ff-el-input--content'><select name=\"projekt_kategorie[]\" id=\"ff_3_projekt_kategorie\" class=\"ff-el-form-control  ff_has_multi_select\" type=\"select\" data-name=\"projekt_kategorie\" multiple=\"1\" data-calc_value=\"0\"  aria-invalid=\"false\" aria-required=\"true\" aria-labelledby=\"label_ff_3_projekt_kategorie\"><option value=\"\">- Ausw\u00e4hlen -<\/option><option value=\"38\"  >Fakult\u00e4t 1<\/option><option value=\"49\"  >Fakult\u00e4t 2<\/option><option value=\"39\"  >Fakult\u00e4t 3<\/option><option value=\"42\"  >Fakult\u00e4t 4<\/option><option value=\"44\"  >Fakult\u00e4t 5<\/option><option value=\"40\"  >Fakult\u00e4t 6<\/option><option value=\"50\"  >Keine Fakult\u00e4t<\/option><\/select><\/div><\/div><div class='ff-el-group'><div class=\"ff-el-input--label ff-el-is-required asterisk-right\"><label for='ff_3_choice_thema' id='label_ff_3_choice_thema' aria-label=\"Thema\">Thema<\/label><\/div><div class='ff-el-input--content'><select name=\"choice_thema\" id=\"ff_3_choice_thema\" class=\"ff-el-form-control\" data-name=\"choice_thema\" data-calc_value=\"0\"  aria-invalid=\"false\" aria-required=\"true\" aria-labelledby=\"label_ff_3_choice_thema\"><option value=\"\">- Ausw\u00e4hlen -<\/option><option value=\"Soziale Nachhaltigkeit\"  >Soziale Nachhaltigkeit<\/option><option value=\"\u00d6kologische Nachhaltikgeit\"  >\u00d6kologische Nachhaltikgeit<\/option><option value=\"\u00d6konomische Nachhaltigkeit\"  >\u00d6konomische Nachhaltigkeit<\/option><\/select><\/div><\/div><div class='ff-el-group'><div class=\"ff-el-input--label ff-el-is-required asterisk-right\"><label for='ff_3_marker_addresse' id='label_ff_3_marker_addresse' aria-label=\"Projektstandort (Stra\u00dfe Hausnummer, PLZ Ort)\">Projektstandort (Stra\u00dfe Hausnummer, PLZ Ort)<\/label><\/div><div class='ff-el-input--content'><input type=\"text\" name=\"marker_addresse\" class=\"ff-el-form-control\" placeholder=\"Universit\u00e4tsplatz 2, 38106 Braunschweig\" data-name=\"marker_addresse\" id=\"ff_3_marker_addresse\"  aria-invalid=\"false\" aria-required=true><\/div><\/div><div class='ff-el-group  ff-custom_html' tabindex='-1' data-name=\"custom_html-3_4\" ><p>&nbsp;<\/p>\n<p><strong>Praxispartnerschaften<\/strong><\/p><\/div><div class='ff-el-group'><div class=\"ff-el-input--label asterisk-right\"><label for='ff_3_praxispartner' id='label_ff_3_praxispartner' aria-label=\"Praxispartner*innen\">Praxispartner*innen<\/label><\/div><div class='ff-el-input--content'><input type=\"text\" name=\"praxispartner\" class=\"ff-el-form-control\" placeholder=\"Muster e.V., Impact GmbH, ...\" data-name=\"praxispartner\" id=\"ff_3_praxispartner\"  aria-invalid=\"false\" aria-required=false><\/div><\/div><div class='ff-el-group  ff-custom_html' tabindex='-1' data-name=\"custom_html-3_5\" ><p>&nbsp;<\/p>\n<p><strong>Dateien<\/strong><\/p>\n<p>Sie k\u00f6nnen ein Beitragsbild sowie drei weitere Dateien hochladen, die unter der Projektbeschreibung angezeigt werden.<\/p><\/div><div class='ff-el-group'><div class=\"ff-el-input--label asterisk-right\"><label for='ff_3_featured_image' id='label_ff_3_featured_image' aria-label=\"Beitragsbild (mind. 800px Breit, max. 5 MB)\">Beitragsbild (mind. 800px Breit, max. 5 MB)<\/label><div class=\"ff-el-tooltip\" data-content=\"Das Bild sollte ein Seitenverh\u00e4ltnis von 16:9 oder 4:3 haben.\"><svg width=\"16\" height=\"16\" viewBox=\"0 0 25 25\"><path d=\"m329 393l0-46c0-2-1-4-2-6-2-2-4-3-7-3l-27 0 0-146c0-3-1-5-3-7-2-1-4-2-7-2l-91 0c-3 0-5 1-7 2-1 2-2 4-2 7l0 46c0 2 1 5 2 6 2 2 4 3 7 3l27 0 0 91-27 0c-3 0-5 1-7 3-1 2-2 4-2 6l0 46c0 3 1 5 2 7 2 1 4 2 7 2l128 0c3 0 5-1 7-2 1-2 2-4 2-7z m-36-256l0-46c0-2-1-4-3-6-2-2-4-3-7-3l-54 0c-3 0-5 1-7 3-2 2-3 4-3 6l0 46c0 3 1 5 3 7 2 1 4 2 7 2l54 0c3 0 5-1 7-2 2-2 3-4 3-7z m182 119c0 40-9 77-29 110-20 34-46 60-80 80-33 20-70 29-110 29-40 0-77-9-110-29-34-20-60-46-80-80-20-33-29-70-29-110 0-40 9-77 29-110 20-34 46-60 80-80 33-20 70-29 110-29 40 0 77 9 110 29 34 20 60 46 80 80 20 33 29 70 29 110z\" transform=\"scale(0.046875 0.046875)\"><\/path><\/svg><\/div><\/div><div class='ff-el-input--content'><label for='ff_3_featured_image' class='ff_file_upload_holder'><span class='ff_upload_btn ff-btn'>Bild hochladen<\/span> <input name=\"featured_image\" class=\"ff-el-form-control  ff-screen-reader-element\" type=\"file\" accept=\"image\/*\" data-name=\"featured_image\" id=\"ff_3_featured_image\" ><\/label><\/div><\/div><div class='ff-el-group'><div class=\"ff-el-input--label asterisk-right\"><label for='ff_3_bildnachweis' id='label_ff_3_bildnachweis' aria-label=\"Bildnachweis\">Bildnachweis<\/label><\/div><div class='ff-el-input--content'><div class=\"ff_input-group\"><div class=\"ff_input-group-prepend\"><span class=\"ff_input-group-text\">Bildnachweis:<\/span><\/div><input type=\"text\" name=\"bildnachweis\" class=\"ff-el-form-control\" placeholder=\"Maria Mustermann \/ TU Braunschweig\" data-name=\"bildnachweis\" id=\"ff_3_bildnachweis\"  aria-invalid=\"false\" aria-required=false><\/div><\/div><\/div><div class='ff-el-group'><div class=\"ff-el-input--label asterisk-right\"><label for='ff_3_file-upload_1' id='label_ff_3_file-upload_1' aria-label=\"Weitere Bilder und PDFs, die unter der Projektbeschreibung angezeigt werden (je max. 3 MB)\">Weitere Bilder und PDFs, die unter der Projektbeschreibung angezeigt werden (je max. 3 MB)<\/label><\/div><div class='ff-el-input--content'><label for='ff_3_file-upload_1' class='ff_file_upload_holder'><span class='ff_upload_btn ff-btn' tabindex='0'>Datei hochladen<\/span> <input type=\"file\" name=\"file-upload\" id=\"ff_3_file-upload_1\" class=\"ff-el-form-control  ff-screen-reader-element\" data-name=\"file-upload\" multiple=\"1\"  aria-invalid='false' aria-required=false><\/label><\/div><\/div><div class='ff-el-group'><div class=\"ff-el-input--label ff-el-is-required asterisk-right\"><label   aria-label=\"Nutzungsrechte best\u00e4tigen\">Nutzungsrechte best\u00e4tigen<\/label><\/div><div class='ff-el-input--content'><div class='ff-el-form-check ff-el-form-check-'><label class='ff-el-form-check-label' for='checkbox_45489acd125d616cd61ec9128300e627'><input  type=\"checkbox\" name=\"checkbox[]\" data-name=\"checkbox\" class=\"ff-el-form-check-input ff-el-form-check-checkbox\" value=\"Mit dem Upload versichern Sie, dass Sie Urheber*in der Inhalte sind oder \u00fcber eine g\u00fcltige Lizenz zur Ver\u00f6ffentlichung verf\u00fcgen. Sie stellen sicher, dass durch die Nutzung keine Urheber-, Marken- oder Pers\u00f6nlichkeitsrechte Dritter verletzt werden.\"  id='checkbox_45489acd125d616cd61ec9128300e627' aria-label='Mit dem Upload versichern Sie, dass Sie Urheber*in der Inhalte sind oder \u00fcber eine g\u00fcltige Lizenz zur Ver\u00f6ffentlichung verf\u00fcgen. Sie stellen sicher, dass durch die Nutzung keine Urheber-, Marken- oder Pers\u00f6nlichkeitsrechte Dritter verletzt werden.' aria-invalid='false' aria-required=true> <span>Mit dem Upload versichern Sie, dass Sie Urheber*in der Inhalte sind oder \u00fcber eine g\u00fcltige Lizenz zur Ver\u00f6ffentlichung verf\u00fcgen. Sie stellen sicher, dass durch die Nutzung keine Urheber-, Marken- oder Pers\u00f6nlichkeitsrechte Dritter verletzt werden.<\/span><\/label><\/div><\/div><\/div><div class='ff-el-group ff-text-center ff_submit_btn_wrapper'><button type=\"submit\" class=\"ff-btn ff-btn-submit ff-btn-lg ff_btn_style wpf_has_custom_css\"  aria-label=\"Projekt einreichen\">Projekt einreichen<\/button><\/div><\/fieldset><\/form><div id='fluentform_3_errors' class='ff-errors-in-stack ff_form_instance_3_1 ff-form-loading_errors ff_form_instance_3_1_errors'><\/div><\/div>            <script type=\"text\/javascript\">\n                window.fluent_form_ff_form_instance_3_1 = {\"id\":\"3\",\"settings\":{\"layout\":{\"labelPlacement\":\"top\",\"asteriskPlacement\":\"asterisk-right\",\"helpMessagePlacement\":\"with_label\",\"errorMessagePlacement\":\"inline\",\"cssClassName\":\"\"},\"restrictions\":{\"denyEmptySubmission\":{\"enabled\":false}}},\"form_instance\":\"ff_form_instance_3_1\",\"form_id_selector\":\"fluentform_3\",\"rules\":{\"names[first_name]\":{\"required\":{\"value\":true,\"message\":\"This field is required\",\"global_message\":\"Dieses Feld ist erforderlich\",\"global\":true}},\"names[middle_name]\":{\"required\":{\"value\":false,\"message\":\"This field is required\",\"global_message\":\"Dieses Feld ist erforderlich\",\"global\":true}},\"names[last_name]\":{\"required\":{\"value\":true,\"message\":\"This field is required\",\"global_message\":\"Dieses Feld ist erforderlich\",\"global\":true}},\"email\":{\"required\":{\"value\":true,\"message\":\"This field is required\",\"global_message\":\"Dieses Feld ist erforderlich\",\"global\":true},\"email\":{\"value\":true,\"message\":\"This field must contain a valid email\",\"global_message\":\"Dieses Feld muss eine g\\u00fcltige E-Mail-Adresse enthalten\",\"global\":true}},\"names_1[first_name]\":{\"required\":{\"value\":false,\"message\":\"This field is required\",\"global_message\":\"Dieses Feld ist erforderlich\",\"global\":true}},\"names_1[middle_name]\":{\"required\":{\"value\":false,\"message\":\"This field is required\",\"global_message\":\"Dieses Feld ist erforderlich\",\"global\":true}},\"names_1[last_name]\":{\"required\":{\"value\":false,\"message\":\"This field is required\",\"global_message\":\"Dieses Feld ist erforderlich\",\"global\":true}},\"url\":{\"required\":{\"value\":false,\"message\":\"This field is required\",\"global_message\":\"Dieses Feld ist erforderlich\",\"global\":true},\"url\":{\"value\":true,\"message\":\"This field must contain a valid url\",\"global_message\":\"Dieses Feld muss eine g\\u00fcltige URL enthalten\",\"global\":true}},\"post_title\":{\"required\":{\"value\":true,\"global\":true,\"message\":\"This field is required\",\"global_message\":\"Dieses Feld ist erforderlich\"}},\"post_content\":{\"required\":{\"value\":true,\"global\":true,\"message\":\"This field is required\",\"global_message\":\"Dieses Feld ist erforderlich\"}},\"choice_fakultat\":{\"required\":{\"value\":true,\"message\":\"This field is required\",\"global_message\":\"Dieses Feld ist erforderlich\",\"global\":true}},\"post_lecturer\":{\"required\":{\"value\":true,\"global\":true,\"message\":\"This field is required\",\"global_message\":\"Dieses Feld ist erforderlich\"}},\"post_course_title\":{\"required\":{\"value\":true,\"global\":true,\"message\":\"This field is required\",\"global_message\":\"Dieses Feld ist erforderlich\"}},\"post_student_names\":{\"required\":{\"value\":true,\"global\":true,\"message\":\"This field is required\",\"global_message\":\"Dieses Feld ist erforderlich\"}},\"choice_semester\":{\"required\":{\"value\":true,\"message\":\"This field is required\",\"global_message\":\"Dieses Feld ist erforderlich\",\"global\":true}},\"text_intput_studiengang\":{\"required\":{\"value\":true,\"message\":\"This field is required\",\"global_message\":\"Dieses Feld ist erforderlich\",\"global\":true}},\"projekt_kategorie\":{\"required\":{\"value\":true,\"global\":true,\"message\":\"This field is required\",\"global_message\":\"Dieses Feld ist erforderlich\"}},\"choice_thema\":{\"required\":{\"value\":true,\"message\":\"This field is required\",\"global_message\":\"Dieses Feld ist erforderlich\",\"global\":true}},\"marker_addresse\":{\"required\":{\"value\":true,\"message\":\"This field is required\",\"global_message\":\"Dieses Feld ist erforderlich\",\"global\":true}},\"praxispartner\":{\"required\":{\"value\":false,\"message\":\"This field is required\",\"global_message\":\"Dieses Feld ist erforderlich\",\"global\":true}},\"featured_image\":{\"required\":{\"value\":false,\"global\":true,\"message\":\"This field is required\",\"global_message\":\"Dieses Feld ist erforderlich\"},\"max_file_size\":{\"value\":5242880,\"_valueFrom\":\"MB\",\"global\":true,\"message\":\"Validation fails for maximum file size\",\"global_message\":\"Validierung schl\\u00e4gt bei maximaler Dateigr\\u00f6\\u00dfe fehl\"},\"max_file_count\":{\"value\":1,\"global\":true,\"message\":\"Validation fails for maximum file count\",\"global_message\":\"Validierung schl\\u00e4gt bei maximaler Dateianzahl fehl\"},\"allowed_image_types\":{\"value\":[\"png\",\"jpg|jpeg\"],\"global\":true,\"message\":\"Allowed image types does not match\",\"global_message\":\"Erlaubte Bildtypen stimmen nicht \\u00fcberein\"}},\"bildnachweis\":{\"required\":{\"value\":false,\"message\":\"This field is required\",\"global_message\":\"Dieses Feld ist erforderlich\",\"global\":true}},\"file-upload\":{\"required\":{\"value\":false,\"message\":\"This field is required\",\"global_message\":\"Dieses Feld ist erforderlich\",\"global\":true},\"max_file_size\":{\"value\":3145728,\"_valueFrom\":\"MB\",\"message\":\"Validation fails for maximum file size\",\"global_message\":\"Validierung schl\\u00e4gt bei maximaler Dateigr\\u00f6\\u00dfe fehl\",\"global\":true},\"max_file_count\":{\"value\":\"3\",\"message\":\"Validation fails for maximum file count\",\"global_message\":\"Validierung schl\\u00e4gt bei maximaler Dateianzahl fehl\",\"global\":true},\"allowed_file_types\":{\"value\":[\"jpg|jpeg|gif|png|bmp\",\"pdf\"],\"message\":\"Invalid file type\",\"global_message\":\"Ung\\u00fcltiger Dateityp\",\"global\":true}},\"checkbox\":{\"required\":{\"value\":true,\"message\":\"This field is required\",\"global_message\":\"Dieses Feld ist erforderlich\",\"global\":true}}},\"debounce_time\":300,\"conditionals\":{\"post_lecturer\":{\"type\":\"any\",\"status\":true,\"conditions\":[{\"field\":\"choice_fakultat\",\"value\":\"Studentisches Impact-Projekt\",\"operator\":\"=\"},{\"field\":\"choice_fakultat\",\"value\":\"Impact-Lehrveranstaltung\",\"operator\":\"=\"}],\"condition_groups\":[{\"rules\":[{\"field\":\"\",\"value\":\"\",\"operator\":\"\"}],\"title\":\"\",\"isEditingTitle\":false,\"isPreviewOpen\":false,\"isGroupOpen\":true}]},\"post_course_title\":{\"type\":\"any\",\"status\":true,\"conditions\":[{\"field\":\"choice_fakultat\",\"value\":\"Studentisches Impact-Projekt\",\"operator\":\"=\"},{\"field\":\"choice_fakultat\",\"value\":\"Impact-Lehrveranstaltung\",\"operator\":\"=\"}],\"condition_groups\":[{\"rules\":[{\"field\":\"\",\"value\":\"\",\"operator\":\"\"}],\"title\":\"\",\"isEditingTitle\":false,\"isPreviewOpen\":false,\"isGroupOpen\":true}]},\"post_student_names\":{\"type\":\"any\",\"status\":true,\"conditions\":[{\"field\":\"choice_fakultat\",\"value\":\"Studentisches Impact-Projekt\",\"operator\":\"=\"}],\"condition_groups\":[{\"rules\":[{\"field\":\"\",\"value\":\"\",\"operator\":\"\"}],\"title\":\"\",\"isEditingTitle\":false,\"isPreviewOpen\":false,\"isGroupOpen\":true}]},\"choice_semester\":{\"type\":\"any\",\"status\":true,\"conditions\":[{\"field\":\"choice_fakultat\",\"value\":\"Anderes\",\"operator\":\"!=\"}],\"condition_groups\":[{\"rules\":[{\"field\":\"\",\"value\":\"\",\"operator\":\"\"}],\"title\":\"\",\"isEditingTitle\":false,\"isPreviewOpen\":false,\"isGroupOpen\":true}]}}};\n                            <\/script>\n            \n<\/div><\/div><\/div><\/div><\/div>\n","protected":false},"excerpt":{"rendered":"","protected":false},"author":1,"featured_media":0,"parent":0,"menu_order":0,"comment_status":"closed","ping_status":"closed","template":"100-width.php","meta":{"_acf_changed":false,"footnotes":""},"class_list":["post-380","page","type-page","status-publish","hentry"],"acf":[],"_links":{"self":[{"href":"https:\/\/impact-map-tubs.de\/en\/wp-json\/wp\/v2\/pages\/380","targetHints":{"allow":["GET"]}}],"collection":[{"href":"https:\/\/impact-map-tubs.de\/en\/wp-json\/wp\/v2\/pages"}],"about":[{"href":"https:\/\/impact-map-tubs.de\/en\/wp-json\/wp\/v2\/types\/page"}],"author":[{"embeddable":true,"href":"https:\/\/impact-map-tubs.de\/en\/wp-json\/wp\/v2\/users\/1"}],"replies":[{"embeddable":true,"href":"https:\/\/impact-map-tubs.de\/en\/wp-json\/wp\/v2\/comments?post=380"}],"version-history":[{"count":2,"href":"https:\/\/impact-map-tubs.de\/en\/wp-json\/wp\/v2\/pages\/380\/revisions"}],"predecessor-version":[{"id":448,"href":"https:\/\/impact-map-tubs.de\/en\/wp-json\/wp\/v2\/pages\/380\/revisions\/448"}],"wp:attachment":[{"href":"https:\/\/impact-map-tubs.de\/en\/wp-json\/wp\/v2\/media?parent=380"}],"curies":[{"name":"wp","href":"https:\/\/api.w.org\/{rel}","templated":true}]}}